
{"id":1248,"date":"2025-11-18T08:55:22","date_gmt":"2025-11-18T07:55:22","guid":{"rendered":"https:\/\/effiraenergy.com\/se\/?page_id=1248"},"modified":"2026-04-09T09:58:59","modified_gmt":"2026-04-09T07:58:59","slug":"bestall-opti","status":"publish","type":"page","link":"https:\/\/effiraenergy.com\/se\/bestall-opti\/","title":{"rendered":"Best\u00e4ll OPTi"},"content":{"rendered":"<div data-block=\"image-and-text\"  class=\"content-container container mx-auto my-20 px-4 xl:px-0 text-darkGreen flex flex-col items-center justify-center\">\n    <div class=\"flex flex-col items-center justify-center gap-12 lg:gap-24 lg:justify-between lg:flex-row md:pr-12\">\n                    <div class=\"w-full lg:w-1\/2 mx-auto\">\n                <div class=\"aspect-square w-full overflow-hidden rounded-2xl\">\n                    <video class=\"w-full h-full object-cover\" preload=\"metadata\" autoplay loop muted playsinline>\n                        <source src=\"https:\/\/effiraenergy.com\/wp-content\/uploads\/sites\/3\/2026\/01\/Effira-App_animation_1x1.mp4\" type=\"video\/mp4\" \/>\n                    <\/video>\n                <\/div>\n            <\/div>\n                <div class=\"w-full lg:w-1\/2 max-w-xl flex flex-col gap-8 items-start sm:items-center lg:items-start justify-center text-left sm:text-center lg:text-left\">\n                            <h2 class=\"heading-lg\">Ta kontroll \u00f6ver din v\u00e4rmepump och dina elkostnader<\/h2>\n                                        <div class=\"wysiwyg body-md leading-[140%]\"><ul>\n<li>Upp till 30% l\u00e4gre uppv\u00e4rmningskostnad<\/li>\n<li>Upp till 40% billigare varmvattenproduktion<\/li>\n<li>Upp till 10% l\u00e4gre eln\u00e4tskostnader<\/li>\n<li>Upp till 50% h\u00f6gre egenanv\u00e4ndning av solel<\/li>\n<\/ul>\n<\/div>\n                                <\/div>\n    <\/div>\n<\/div>\n\n\n<div data-block=\"wysiwyg-text\"  class=\"container mx-auto px-4 mb-0\">\n    <div class=\"wysiwyg max-w-[760px] mx-auto\">\n        <h2>S\u00e5 h\u00e4r kommer du ig\u00e5ng<\/h2>\n<ol style=\"list-style-type: decimal\">\n<li>V\u00e4lj att k\u00f6pa eller abonnera p\u00e5 OPTi.<\/li>\n<li>Vi g\u00f6r en snabb kompatibilitetskontroll s\u00e5 att OPTi s\u00e4kert fungerar i ditt hem.<\/li>\n<li>OPTi levereras hem till dig.<\/li>\n<li>V\u00e5r installat\u00f6r kontaktar dig f\u00f6r att boka en installationstid.<\/li>\n<li>Installat\u00f6ren hj\u00e4lper dig att komma ig\u00e5ng, installationen tar bara 30 min och kr\u00e4ver ingen ombyggnation.<\/li>\n<li>Klart! OPTi sk\u00f6ter jobbet medan du sparar pengar med bibeh\u00e5llen komfort.<\/li>\n<\/ol>\n\n    <\/div>\n<\/div>\n\n\n<div data-block=\"product\"  class=\"content-container mx-auto pt-8 mb-0\">\n            <div class=\"grid grid-cols-1 md:grid-cols-2 gap-8 mb-8\">\n                                            <div\n                    class=\"product-card p-4 md:p-8 flex flex-col gap-6 bg-white rounded-2xl shadow items-center justify-center\">\n                                        <div class=\"flex-1 flex flex-col justify-between h-full w-full\">\n                        <h1 class=\"heading-xxl mb-8\">OPTi Standard<\/h1>\n                        <div class=\"wysiwyg mb-8 \"><p><em>\ud83d\udc49 Du \u00e4ger utrustningen sj\u00e4lv \u2013 l\u00e4gre m\u00e5nadskostnad<\/em><\/p>\n<ul>\n<li>Utrustning: 6 995 kr<\/li>\n<li>Abonnemang: 0 kr den f\u00f6rsta m\u00e5naden, d\u00e4refter 129 kr\/m\u00e5n<\/li>\n<\/ul>\n<\/div>\n                                                    <div class=\"mb-8\" x-data=\"{ selected: 3255, cartUrl: 'https:\/\/effiraenergy.com\/se\/cart\/' }\">\n                                <form id=\"add-to-cart-form-1686\" :action=\"cartUrl\" method=\"POST\">\n                                                                            <label class=\"block mb-6 cursor-pointer\">\n                                            <div class=\" items-center justify-between shadow-l border border-darkGreen rounded-[4px] px-6 py-5 transition-all duration-150 hidden\"\n                                                :class=\"selected == 3255 ? 'bg-lightGreen' :\n                                                    'bg-white'\">\n                                                <div class=\"flex flex-row items-center gap-6 flex-1\">\n                                                    <div class=\"flex flex-col items-center justify-center\">\n                                                        <span class=\"relative flex items-center justify-center\">\n                                                            <input type=\"radio\" name=\"variation_id\"\n                                                                value=\"3255\"\n                                                                class=\"appearance-none w-6 h-6 border-3 border-darkGreen rounded-full checked:bg-darkGreen transition focus:outline-none\"\n                                                                x-model=\"selected\" checked>\n                                                            <span\n                                                                class=\"absolute left-0 top-0 w-6 h-6 flex items-center justify-center pointer-events-none\">\n                                                                <span\n                                                                    class=\"w-3 h-3 rounded-full bg-orange-500 opacity-0 checked:opacity-100\"><\/span>\n                                                            <\/span>\n                                                        <\/span>\n                                                    <\/div>\n                                                    <div class=\"flex flex-col justify-center\">\n                                                                                                                    <span\n                                                                class=\"font-semibold text-xl\">M\u00e5nadsabonnemang<\/span>\n                                                                                                            <\/div>\n                                                <\/div>\n                                                <div class=\"text-right min-w-[180px] flex items-center justify-end\">\n                                                    <a href=\"https:\/\/effiraenergy.com\/se\/allmanna_villkor\/\"\n                                                        target=\"_blank\" rel=\"noopener noreferrer\"\n                                                        class=\"text-teal-700 underline text-sm ml-2\">\n                                                        Se villkor\n                                                    <\/a>\n                                                <\/div>\n                                            <\/div>\n                                                                                                                                                <input type=\"hidden\" name=\"pa_purchase-plan\"\n                                                        value=\"manadsabonnemang\">\n                                                                                                                                    <\/label>\n                                                                        <input type=\"hidden\" name=\"add-to-cart\" value=\"1686\">\n                                    <input type=\"hidden\" name=\"variation_id\" :value=\"selected\">\n                                                                            <button type=\"submit\"\n                                            class=\"primary-button w-full inline-block text-center cursor-pointer\">\n                                            G\u00e5 vidare\n                                        <\/button>\n                                                                    <\/form>\n                            <\/div>\n                                                                    <\/div>\n                    <!-- Popup Modal for this product -->\n                                    <\/div>\n                                            <div\n                    class=\"product-card p-4 md:p-8 flex flex-col gap-6 bg-white rounded-2xl shadow items-center justify-center\">\n                                        <div class=\"flex-1 flex flex-col justify-between h-full w-full\">\n                        <h1 class=\"heading-xxl mb-8\">OPTi Flex<\/h1>\n                        <div class=\"wysiwyg mb-8 \"><p><em>\ud83d\udc49 Du l\u00e5nar utrustningen \u2013 returnera vid avslut<\/em><\/p>\n<ul>\n<li>Startavgift: 495 kr<\/li>\n<li>Abonnemang: 0 kr den f\u00f6rsta m\u00e5naden, d\u00e4refter 299 kr\/m\u00e5n<\/li>\n<\/ul>\n<\/div>\n                                                    <div class=\"mb-8\" x-data=\"{ selected: 1605, cartUrl: 'https:\/\/effiraenergy.com\/se\/cart\/' }\">\n                                <form id=\"add-to-cart-form-1603\" :action=\"cartUrl\" method=\"POST\">\n                                                                            <label class=\"block mb-6 cursor-pointer\">\n                                            <div class=\" items-center justify-between shadow-l border border-darkGreen rounded-[4px] px-6 py-5 transition-all duration-150 hidden\"\n                                                :class=\"selected == 1605 ? 'bg-lightGreen' :\n                                                    'bg-white'\">\n                                                <div class=\"flex flex-row items-center gap-6 flex-1\">\n                                                    <div class=\"flex flex-col items-center justify-center\">\n                                                        <span class=\"relative flex items-center justify-center\">\n                                                            <input type=\"radio\" name=\"variation_id\"\n                                                                value=\"1605\"\n                                                                class=\"appearance-none w-6 h-6 border-3 border-darkGreen rounded-full checked:bg-darkGreen transition focus:outline-none\"\n                                                                x-model=\"selected\" checked>\n                                                            <span\n                                                                class=\"absolute left-0 top-0 w-6 h-6 flex items-center justify-center pointer-events-none\">\n                                                                <span\n                                                                    class=\"w-3 h-3 rounded-full bg-orange-500 opacity-0 checked:opacity-100\"><\/span>\n                                                            <\/span>\n                                                        <\/span>\n                                                    <\/div>\n                                                    <div class=\"flex flex-col justify-center\">\n                                                                                                                    <span\n                                                                class=\"font-semibold text-xl\">M\u00e5nadsabonnemang<\/span>\n                                                                                                            <\/div>\n                                                <\/div>\n                                                <div class=\"text-right min-w-[180px] flex items-center justify-end\">\n                                                    <a href=\"https:\/\/effiraenergy.com\/se\/allmanna_villkor\/\"\n                                                        target=\"_blank\" rel=\"noopener noreferrer\"\n                                                        class=\"text-teal-700 underline text-sm ml-2\">\n                                                        Se villkor\n                                                    <\/a>\n                                                <\/div>\n                                            <\/div>\n                                                                                                                                                <input type=\"hidden\" name=\"pa_purchase-plan\"\n                                                        value=\"manadsabonnemang\">\n                                                                                                                                    <\/label>\n                                                                        <input type=\"hidden\" name=\"add-to-cart\" value=\"1603\">\n                                    <input type=\"hidden\" name=\"variation_id\" :value=\"selected\">\n                                                                            <button type=\"submit\"\n                                            class=\"primary-button w-full inline-block text-center cursor-pointer\">\n                                            G\u00e5 vidare\n                                        <\/button>\n                                                                    <\/form>\n                            <\/div>\n                                                                    <\/div>\n                    <!-- Popup Modal for this product -->\n                                    <\/div>\n                    <\/div>\n    <\/div>\n\n\n<div data-block=\"wysiwyg-text\"  class=\"container mx-auto px-4 mb-0\">\n    <div class=\"wysiwyg max-w-[760px] mx-auto\">\n        <p style=\"text-align: center\">\ud83d\udc49 V\u00e5ra abonnemang \u00e4r utan bindningstid och du kan avsluta n\u00e4r du vill. Abonnemang f\u00f6rnyas automatiskt varje m\u00e5nad om det inte s\u00e4gs upp.<\/p>\n\n    <\/div>\n<\/div>\n","protected":false},"excerpt":{"rendered":"","protected":false},"author":4,"featured_media":0,"parent":0,"menu_order":0,"comment_status":"closed","ping_status":"closed","template":"","meta":{"_acf_changed":false,"footnotes":""},"class_list":["post-1248","page","type-page","status-publish","hentry"],"acf":[],"_links":{"self":[{"href":"https:\/\/effiraenergy.com\/se\/wp-json\/wp\/v2\/pages\/1248","targetHints":{"allow":["GET"]}}],"collection":[{"href":"https:\/\/effiraenergy.com\/se\/wp-json\/wp\/v2\/pages"}],"about":[{"href":"https:\/\/effiraenergy.com\/se\/wp-json\/wp\/v2\/types\/page"}],"author":[{"embeddable":true,"href":"https:\/\/effiraenergy.com\/se\/wp-json\/wp\/v2\/users\/4"}],"replies":[{"embeddable":true,"href":"https:\/\/effiraenergy.com\/se\/wp-json\/wp\/v2\/comments?post=1248"}],"version-history":[{"count":138,"href":"https:\/\/effiraenergy.com\/se\/wp-json\/wp\/v2\/pages\/1248\/revisions"}],"predecessor-version":[{"id":4499,"href":"https:\/\/effiraenergy.com\/se\/wp-json\/wp\/v2\/pages\/1248\/revisions\/4499"}],"wp:attachment":[{"href":"https:\/\/effiraenergy.com\/se\/wp-json\/wp\/v2\/media?parent=1248"}],"curies":[{"name":"wp","href":"https:\/\/api.w.org\/{rel}","templated":true}]}}